{"id":1449,"date":"2021-08-20T14:44:38","date_gmt":"2021-08-20T12:44:38","guid":{"rendered":"https:\/\/www.grainbow.fr\/solutions-marche\/"},"modified":"2024-06-27T11:34:49","modified_gmt":"2024-06-27T09:34:49","slug":"solutions-marche-en","status":"publish","type":"page","link":"https:\/\/www.grainbow.fr\/en\/solutions-marche-en\/","title":{"rendered":"Market Solutions"},"content":{"rendered":"<div class=\"mceNonEditable c-orange\">\n<div class=\"page-jumbo\">\n<div class=\"page-jumbo-image mceEditable \"><img loading=\"lazy\" decoding=\"async\" class=\"aligncenter wp-image-3415 size-full\" src=\"https:\/\/www.grainbow.fr\/wp-content\/uploads\/2024\/06\/AqC-55-1.png\" alt=\"\" width=\"1000\" height=\"667\" srcset=\"https:\/\/www.grainbow.fr\/wp-content\/uploads\/2024\/06\/AqC-55-1.png 1000w, https:\/\/www.grainbow.fr\/wp-content\/uploads\/2024\/06\/AqC-55-1-300x200.png 300w, https:\/\/www.grainbow.fr\/wp-content\/uploads\/2024\/06\/AqC-55-1-768x512.png 768w\" sizes=\"auto, (max-width: 1000px) 100vw, 1000px\" \/><\/div>\n<div class=\"page-fond-decoupe\"><\/div>\n<div class=\"page-forme-decoupe\"><\/div>\n<div class=\"page-forme-big-couleur\"><\/div>\n<div class=\"page-highlight\">\n<div class=\"produit-highlight\">\n<div class=\"logo-grainbow-marche\"><\/div>\n<div class=\"page-highlight-produit\">\n<h1 class=\"produit-highlight-texte font-36 font-bold mceEditable\">Market Solutions<\/h1>\n<h2 class=\"produit-highlight-texte font-24 mceEditable\">TRACK COMMODITY MARKETS IN A SINGLE ENVIRONMENT<\/h2>\n<\/div>\n<\/div>\n<\/div>\n<\/div>\n<div class=\"container-simple align-gauche no-padding\">\n<p class=\"short\"><\/p>\n<\/div>\n<section class=\"container-simple mceEditable align-center\">\n<div class=\"\" style=\"text-align: center;\">\n<p><span class=\"font-24\">Grainbow offers a range of solutions for tracking<strong> the evolution of agricultural commodities markets<\/strong>. Wherever you are, this range gives you access to <strong>real-time quotations, news, reports and technical analyses<\/strong>.<br \/>\n<\/span><\/p>\n<\/div>\n<p><span class=\"font-20\">Today, we cover the market information needs of over 450 operators in the sector in some twenty European countries. Our customers include agricultural cooperatives, retailers, manufacturers and brokers.<\/span><\/p>\n<div>\n<section class=\"container-simple mceEditable align-center\">\n<p style=\"text-align: left;\"><span class=\"font-bold font-20\">But what market information do these operators consult? Which markets and indicators should be monitored? How can we organize an effective watch on commodity prices? <\/span><\/p>\n<p style=\"text-align: left;\"><span class=\"font-bold font-20\">Here&#8217;s some advice from our experts.<\/span><\/p>\n<p style=\"text-align: left;\">\u00a0<\/p>\n<p style=\"text-align: left;\"><strong>Physical markets are at the heart of commodity price trends.<\/strong> Quite simply, these are physical exchanges of goods between operators. Although some markets are not very transparent due to a lack of standardization or volumes traded (<strong>e.g. durum wheat, sunflower, organic cereals, nuts, etc<\/strong>.), it is still possible to obtain <strong>market prices<\/strong>. Most operators in the cereals sector use <strong>brokers<\/strong> (intermediaries) who send <strong>daily price grids<\/strong> to their customers. Having the prices of one&#8217;s broker(s) is a first step, but having a <strong>global base of physical prices<\/strong> gives operators greater perspective. A physical price base that can be exploited via <strong>charts<\/strong> or <strong>data extractions<\/strong> enables long-term price trends to be analyzed.<\/p>\n<p style=\"text-align: left;\"><span class=\"font-16\">Futures markets known as forward markets.Futures markets have become increasingly important over the centuries. As early as the 16th century, <strong>commercial exchanges<\/strong> were established. Initially created to govern <strong>physical and financial transactions<\/strong>, today they organize almost exclusively purely financial transactions. Today, these markets are used <strong>to hedge price risks<\/strong> and, to a lesser extent, for <strong>speculative <\/strong>purposes.<\/span><\/p>\n<p style=\"text-align: left;\"><span class=\"font-16\">There are many ways of classifying the commodities traded on the world&#8217;s futures markets. The main classifications are hard and soft.<\/span><\/p>\n<p style=\"text-align: left;\"><span class=\"font-16\"><strong>Hard commodities<\/strong> are natural resources such as oil, iron, gold, gas, etc. <strong>Soft commodities<\/strong>, on the other hand, require human hands for their development, such as wheat, corn, cotton, cocoa, etc.<br \/>\n<\/span><\/p>\n<p style=\"text-align: left;\"><span class=\"font-16\">Agricultural commodities are therefore considered &#8220;soft commodities&#8221;. <strong>Here are the main futures markets for grains and oilseeds<\/strong>:<\/span><\/p>\n<p style=\"text-align: left;\"><span class=\"font-light font-16\">\u2022 <strong>Euronext : feed wheat, corn, rapeseed.<\/strong> Europe&#8217;s benchmark market, followed in real time by the vast majority of the continent&#8217;s operators.<\/span><\/p>\n<p style=\"text-align: left;\"><span class=\"font-light font-16\">\u2022 <strong>CBOT\u00a0<\/strong>(Chicago Board Of Trade) : <strong>feed wheat, corn, rapeseed, soybeans, soybean meal, soybean oil, oats, etc.<\/strong> Followed on a <strong>15-minute delay<\/strong> by some Europeans (for cost reasons) and in real time by Americans. .<\/span><\/p>\n<p style=\"text-align: left;\"><span class=\"font-light font-16\">\u2022 <strong>CME<\/strong> (Chicago Mercantile Exchange)\u00a0: <strong>cattle, butter, dehydrated protein, milk, cheese, Euro\/US Dollar, Euro\/CAD Dollar.<\/strong> The currency futures markets are increasingly followed by Europeans, and in particular by CBOT traders who need <strong>to hedge against the forward exchange rate<\/strong> (Euro\/US Dollar), as well as by<strong> ICE CANADA canola<\/strong> traders (Euro\/CAD Dollar). <\/span><\/p>\n<p style=\"text-align: left;\"><span class=\"font-light font-16\">\u2022 <strong>ICE CANADA\u00a0: canola.<\/strong> Canola is a derivative of rapeseed. Grown in Canada, it has superior nutritional qualities. The price of canola is strongly correlated with that of rapeseed. <\/span><\/p>\n<p style=\"text-align: left;\"><span class=\"font-light font-16\">\u2022 <strong>ICE LIFFE<\/strong> (London-based markets) : <strong>feed wheat<\/strong>.<\/span><\/p>\n<p style=\"text-align: left;\"><span class=\"font-light font-16\">\u2022 <strong>MDEX <\/strong>(Malaysian Derivatives Exchange)\u00a0:<strong> palm oil<\/strong>.<\/span><\/p>\n<p style=\"text-align: left;\"><span class=\"font-light font-16\">\u2022 <strong>MGEX<\/strong> (Mineapolis Grain Exchange) :<strong> wheat<\/strong>.<\/span><\/p>\n<p><img loading=\"lazy\" decoding=\"async\" class=\"aligncenter size-full wp-image-2959\" src=\"https:\/\/www.grainbow.fr\/wp-content\/uploads\/2023\/10\/visuel-gamme-marche-2.png\" alt=\"\" width=\"899\" height=\"660\" srcset=\"https:\/\/www.grainbow.fr\/wp-content\/uploads\/2023\/10\/visuel-gamme-marche-2.png 899w, https:\/\/www.grainbow.fr\/wp-content\/uploads\/2023\/10\/visuel-gamme-marche-2-300x220.png 300w, https:\/\/www.grainbow.fr\/wp-content\/uploads\/2023\/10\/visuel-gamme-marche-2-768x564.png 768w\" sizes=\"auto, (max-width: 899px) 100vw, 899px\" \/><\/p>\n<p>&nbsp;<\/p>\n<p style=\"text-align: left;\"><span class=\"font-16\"><strong>Agricultural products other than cereals and oilseeds:\u00a0<\/strong><\/span><\/p>\n<p style=\"text-align: left;\"><span class=\"font-light font-16\">\u2022 <strong>EEX<\/strong> (German market): <strong>butter, milk powder, dehydrated protein, milk<\/strong>. Closely followed by European manufacturers.<\/span><\/p>\n<p style=\"text-align: left;\"><span class=\"font-light font-16\">\u2022 <strong>ICE LIFFE<\/strong>\u00a0: soft wheat, white sugar, cocoa, coffee.<\/span><\/p>\n<p style=\"text-align: left;\"><span class=\"font-light font-16\">\u2022 <strong>ICE US<\/strong>\u00a0: cotton, cocoa, coffee, sugar.<\/span><\/p>\n<p>&nbsp;<\/p>\n<p style=\"text-align: left;\"><strong>And energy-related markets (hard commodities):<\/strong><\/p>\n<p style=\"text-align: left;\"><span class=\"font-light font-16\">\u2022 <strong>ICE ENDEX <\/strong>(Energy Exchange for Gas and Power)\u00a0: gas, greenhouse gas emission quotas.<\/span><\/p>\n<p style=\"text-align: left;\"><span class=\"font-light font-16\"><br \/>\n<\/span><span class=\"font-light font-16\">\u2022 <strong>ICE EUROPE<\/strong> : For oil, the global benchmark is Brent (due to its extraction location in the North Sea). Brent accounts for two-thirds of the world&#8217;s oil trade. WTI is the American benchmark (produced mainly in Texas, Louisiana, and North Dakota).<\/span><\/p>\n<p style=\"text-align: left;\"><span class=\"font-16\"><strong>In addition to monitoring physical and futures prices, it&#8217;s essential to regularly read market news and analyses to gain perspective and sharpen your critical faculties. In addition to recurring news, we distinguish between fundamental and technical analysis.<\/strong><\/span><\/p>\n<p style=\"text-align: left;\"><span class=\"font-16\"><strong>Fundamental analysis<\/strong> is the study of supply and demand, i.e. stocks. When demand outstrips supply, prices rise, and vice versa. Many factors play a part in the <strong>variation of commodity prices<\/strong>:\u00a0<\/span><\/p>\n<p style=\"text-align: left;\"><span class=\"font-light font-16\">\u2022 <strong>Weather conditions: <\/strong>a major factor in agricultural cultivation. Numerous weather reports are available, including <strong>rainfall levels, soil moisture, temperatures, and crop progress.<\/strong><\/span><\/p>\n<p style=\"text-align: left;\"><span class=\"font-light font-16\">\u2022 <strong>Market context: calls for tender, lines-up, port loading, USDA balance sheet.<\/strong><\/span><\/p>\n<p style=\"text-align: left;\"><span class=\"font-light font-16\">\u2022 <strong>Macro-economic context: <\/strong>movements in money market funds, indicators (e.g. CAC40) or, more generally, the economic health of the main producing countries.<\/span><\/p>\n<p style=\"text-align: left;\"><span class=\"font-light font-16\">\u2022 <strong>Political context: <\/strong>subsidies, export duties and legislation on plant protection products all have an impact on commodity prices. A product that is subsidized can discourage farmers from growing it, thus reducing supply.<\/span><\/p>\n<p style=\"text-align: left;\"><span class=\"font-light font-16\">\u2022 <strong>Geopolitical context: <\/strong>relations between countries have a major influence on commodity prices, as demonstrated by the Russian-Ukrainian conflict and the surge in grain prices in 2022.<\/span><\/p>\n<p style=\"text-align: left;\"><span class=\"font-16\"><strong>Technical analysis is the study of charts. <\/strong>The idea is to understand price variations by studying curves and anticipating future movements. <strong>Technical analyses<\/strong> can be <strong>daily<\/strong> (published before the market opens), <strong>weekly<\/strong> or <strong>monthly<\/strong> (for a long-term view). Today, very few traders carry out their own technical analyses (due to lack of time), but many expert technical analyses are available.<\/span><\/p>\n<p style=\"text-align: left;\"><span class=\"font-12\"><em>(Sources : Soci\u00e9t\u00e9 G\u00e9n\u00e9rale, Alumneye, Le guide boursier)<\/em><\/span><\/p>\n<\/section>\n<\/div>\n<\/section>\n<div class=\"container-bleu\">\n<section class=\"container-simple mceEditable align-center\">\n<h2 class=\"\">Grainbow&#8217;s strength in this range?<\/h2>\n<ul class=\"bleu\">\n<li class=\"font-18\" style=\"text-align: left;\"><span class=\"font-20\"><strong>Our team of market analysis specialists<\/strong> keeps you constantly informed about the markets in the form of <strong>short, recurring news reports<\/strong>, fundamental market reports and technical analyses. With more than forty news items and reports a week, our analysts are there to keep an eye on the market and relay <strong>the most important information to you<\/strong>. Their information is available in the WSD tool. .<\/span><\/li>\n<li class=\"font-18\" style=\"text-align: left;\"><span class=\"font-20\">An innovative platform that covers all your market information needs in terms of quotes and analysis, wherever you are (software, web and mobile application).<\/span><\/li>\n<\/ul>\n<\/section>\n<\/div>\n<div class=\"container-simple\">\n<h2 class=\"mceEditable \"><span class=\"font-24\">The other solutions of market range<\/span><\/h2>\n<p class=\"short\">\n    <div class=\"bloc-bouton-over\">\n        <div class=\"bouton-fleche-g\"  onclick=\"$('.bloc-liste-carte-solutions').slick('slickPrev')\"><img decoding=\"async\" src=\"\/wp-content\/uploads\/2021\/08\/spacer.png\" \/><\/div>\n        <div class=\"bouton-fleche-d\"  onclick=\"$('.bloc-liste-carte-solutions').slick('slickNext')\"><img decoding=\"async\" src=\"\/wp-content\/uploads\/2021\/08\/spacer.png\" \/><\/div>\n    <\/div>\n    <div class=\"bloc-liste-carte-solutions go-slick \">\n\n        \n            <div class=\"bloc-carte-solutions font-16\" >\n                <a href=\"https:\/\/www.grainbow.fr\/en\/solutions\/agrimarket-digitization-tool\/\">\n                    <div class=\"bloc-carte-fond\">\n                                                <img decoding=\"async\" src=\"https:\/\/www.grainbow.fr\/wp-content\/uploads\/2022\/12\/Icones_Agrimarket-e1689683489916.png\" class=\"bloc-carte-picto\">\n\n                        <div class=\"carte-solutions font-bold font-26\">Agrimarket<\/div><br>\n                        <div class=\"carte-solutions carte-solutions-texte\">Digitalize with your farmers<\/div>\n                        <p><div class=\"bouton-cadre-blanc bouton-arrondi taille-mini mceEditable\">Discover<\/div><\/p>\n                    <\/div>\n                    <img decoding=\"async\" src=\"\/wp-content\/uploads\/2021\/08\/banner-forme-image-mobile.svg\" class=\"bloc-carte-forme\" style=\"background:#00c389\">\n                <\/a>\n            <\/div>\n\n        \n            <div class=\"bloc-carte-solutions font-16\" >\n                <a href=\"https:\/\/www.grainbow.fr\/en\/solutions\/kanon-suite-a-suite-of-adjustable-management-solutions\/\">\n                    <div class=\"bloc-carte-fond\">\n                                                <img decoding=\"async\" src=\"https:\/\/www.grainbow.fr\/wp-content\/uploads\/2022\/07\/ICONE-KANON-e1658916946638.png\" class=\"bloc-carte-picto\">\n\n                        <div class=\"carte-solutions font-bold font-26\">KAN'on Suite<\/div><br>\n                        <div class=\"carte-solutions carte-solutions-texte\">A suite of adjustable management solutions<\/div>\n                        <p><div class=\"bouton-cadre-blanc bouton-arrondi taille-mini mceEditable\">Discover<\/div><\/p>\n                    <\/div>\n                    <img decoding=\"async\" src=\"\/wp-content\/uploads\/2021\/08\/banner-forme-image-mobile.svg\" class=\"bloc-carte-forme\" style=\"background:#0072ce\">\n                <\/a>\n            <\/div>\n\n        \n            <div class=\"bloc-carte-solutions font-16\" >\n                <a href=\"https:\/\/www.grainbow.fr\/en\/solutions\/wsd-master-market-data-platform\/\">\n                    <div class=\"bloc-carte-fond\">\n                                                <img decoding=\"async\" src=\"https:\/\/www.grainbow.fr\/wp-content\/uploads\/2021\/07\/wsd-master-icon.svg\" class=\"bloc-carte-picto\">\n\n                        <div class=\"carte-solutions font-bold font-26\">WSD<\/div><br>\n                        <div class=\"carte-solutions carte-solutions-texte\">Access market information on agricultural commodities quickly <\/div>\n                        <p><div class=\"bouton-cadre-blanc bouton-arrondi taille-mini mceEditable\">Discover<\/div><\/p>\n                    <\/div>\n                    <img decoding=\"async\" src=\"\/wp-content\/uploads\/2021\/08\/banner-forme-image-mobile.svg\" class=\"bloc-carte-forme\" style=\"background:#ff9015\">\n                <\/a>\n            <\/div>\n\n        \n            <div class=\"bloc-carte-solutions font-16\" >\n                <a href=\"https:\/\/www.grainbow.fr\/en\/solutions\/cleax\/\">\n                    <div class=\"bloc-carte-fond\">\n                                                <img decoding=\"async\" src=\"https:\/\/www.grainbow.fr\/wp-content\/uploads\/2021\/07\/cleax-icon.svg\" class=\"bloc-carte-picto\">\n\n                        <div class=\"carte-solutions font-bold font-26\">Cleax<\/div><br>\n                        <div class=\"carte-solutions carte-solutions-texte\">Integration tool and automation of your financial positions<\/div>\n                        <p><div class=\"bouton-cadre-blanc bouton-arrondi taille-mini mceEditable\">Discover<\/div><\/p>\n                    <\/div>\n                    <img decoding=\"async\" src=\"\/wp-content\/uploads\/2021\/08\/banner-forme-image-mobile.svg\" class=\"bloc-carte-forme\" style=\"background:#0071ce\">\n                <\/a>\n            <\/div>\n\n        \n            <div class=\"bloc-carte-solutions font-16\" >\n                <a href=\"https:\/\/www.grainbow.fr\/en\/solutions\/wpriop-gestion-risque-prix\/\">\n                    <div class=\"bloc-carte-fond\">\n                                                <img decoding=\"async\" src=\"https:\/\/www.grainbow.fr\/wp-content\/uploads\/2021\/07\/wp-riop-icon.svg\" class=\"bloc-carte-picto\">\n\n                        <div class=\"carte-solutions font-bold font-26\">Wpriop <\/div><br>\n                        <div class=\"carte-solutions carte-solutions-texte\">Price risk management platform<\/div>\n                        <p><div class=\"bouton-cadre-blanc bouton-arrondi taille-mini mceEditable\">Discover<\/div><\/p>\n                    <\/div>\n                    <img decoding=\"async\" src=\"\/wp-content\/uploads\/2021\/08\/banner-forme-image-mobile.svg\" class=\"bloc-carte-forme\" style=\"background:#0071ce\">\n                <\/a>\n            <\/div>\n\n        \n    <\/div>\n    <\/p>\n<\/div>\n<div class=\"container-violet\">\n<div class=\"container-simple align-center\">\n<h2 class=\"mceEditable \">What are the benefits for you?<\/h2>\n<section class=\"container\">\n<div class=\"container-flex\">\n<div class=\"bloc-flex mceEditable\">\n<div class=\"picto-couleur-vide \"><img loading=\"lazy\" decoding=\"async\" class=\"alignnone size-full wp-image-497\" src=\"https:\/\/www.grainbow.fr\/wp-content\/uploads\/2021\/08\/WSD-masters-cotations-marches.png\" alt=\"\" width=\"2000\" height=\"2000\" srcset=\"https:\/\/www.grainbow.fr\/wp-content\/uploads\/2021\/08\/WSD-masters-cotations-marches.png 2000w, https:\/\/www.grainbow.fr\/wp-content\/uploads\/2021\/08\/WSD-masters-cotations-marches-300x300.png 300w, https:\/\/www.grainbow.fr\/wp-content\/uploads\/2021\/08\/WSD-masters-cotations-marches-1024x1024.png 1024w, https:\/\/www.grainbow.fr\/wp-content\/uploads\/2021\/08\/WSD-masters-cotations-marches-150x150.png 150w, https:\/\/www.grainbow.fr\/wp-content\/uploads\/2021\/08\/WSD-masters-cotations-marches-768x768.png 768w, https:\/\/www.grainbow.fr\/wp-content\/uploads\/2021\/08\/WSD-masters-cotations-marches-1536x1536.png 1536w\" sizes=\"auto, (max-width: 2000px) 100vw, 2000px\" \/><\/div>\n<div class=\"contenu-flex\">\n<p style=\"text-align: center;\"><span class=\"mceEditable\"><strong>Real-time market monitoring<\/strong><\/span><\/p>\n<\/div>\n<\/div>\n<div class=\"bloc-flex mceEditable\">\n<div class=\"picto-couleur-vide\"><img loading=\"lazy\" decoding=\"async\" class=\"alignnone size-medium wp-image-502\" src=\"https:\/\/www.grainbow.fr\/wp-content\/uploads\/2021\/08\/WSD-masters-sms-300x300.png\" alt=\"\" width=\"300\" height=\"300\" srcset=\"https:\/\/www.grainbow.fr\/wp-content\/uploads\/2021\/08\/WSD-masters-sms-300x300.png 300w, https:\/\/www.grainbow.fr\/wp-content\/uploads\/2021\/08\/WSD-masters-sms-1024x1024.png 1024w, https:\/\/www.grainbow.fr\/wp-content\/uploads\/2021\/08\/WSD-masters-sms-150x150.png 150w, https:\/\/www.grainbow.fr\/wp-content\/uploads\/2021\/08\/WSD-masters-sms-768x768.png 768w, https:\/\/www.grainbow.fr\/wp-content\/uploads\/2021\/08\/WSD-masters-sms-1536x1536.png 1536w, https:\/\/www.grainbow.fr\/wp-content\/uploads\/2021\/08\/WSD-masters-sms.png 2000w\" sizes=\"auto, (max-width: 300px) 100vw, 300px\" \/><\/div>\n<div class=\"contenu-flex\">\n<p style=\"text-align: center;\"><span class=\"mceEditable\"><strong>Expertise and recurrent information<\/strong><\/span><\/p>\n<\/div>\n<\/div>\n<div class=\"bloc-flex mceEditable\">\n<div class=\"picto-couleur-vide\"><img loading=\"lazy\" decoding=\"async\" class=\"alignnone size-medium wp-image-557\" src=\"https:\/\/www.grainbow.fr\/wp-content\/uploads\/2021\/08\/Projection-interaction-web-300x300.png\" alt=\"\" width=\"300\" height=\"300\" srcset=\"https:\/\/www.grainbow.fr\/wp-content\/uploads\/2021\/08\/Projection-interaction-web-300x300.png 300w, https:\/\/www.grainbow.fr\/wp-content\/uploads\/2021\/08\/Projection-interaction-web-1024x1024.png 1024w, https:\/\/www.grainbow.fr\/wp-content\/uploads\/2021\/08\/Projection-interaction-web-150x150.png 150w, https:\/\/www.grainbow.fr\/wp-content\/uploads\/2021\/08\/Projection-interaction-web-768x768.png 768w, https:\/\/www.grainbow.fr\/wp-content\/uploads\/2021\/08\/Projection-interaction-web-1536x1536.png 1536w, https:\/\/www.grainbow.fr\/wp-content\/uploads\/2021\/08\/Projection-interaction-web.png 2000w\" sizes=\"auto, (max-width: 300px) 100vw, 300px\" \/><\/div>\n<div class=\"contenu-flex\">\n<p style=\"text-align: center;\"><span class=\"mceEditable\"><strong>Intuitive and easy to use<\/strong><\/span><\/p>\n<\/div>\n<\/div>\n<\/div>\n<\/section>\n<div class=\"separateur\"><\/div>\n<\/div>\n<\/div>\n<\/div>\n<div class=\"container-simple align-center\">\n<h2 class=\"mceEditable\">Our others solutions<\/h2>\n<p class=\"short\">\n        <div class=\"bloc-carte-bleu bloc-carte-web\">\n<div class=\"picto-gamme-web\"><\/div>\n<div class=\"contenu-carte-bleu mceEditable\">\n<p>Take advantage of business software with large functional scopes<\/p>\n<\/div>\n<p><a class=\"bouton-cadre-blanc mceEditable\" href=\"https:\/\/www.grainbow.fr\/en\/solutions-gestion\/\">Our management SOLUTIONs<\/a><\/p>\n<\/div>\n    <\/p>\n<p class=\"short\">\n        <div class=\"bloc-carte-bleu bloc-carte-gestion\">\n<div class=\"picto-gamme-gestion\"><\/div>\n<div class=\"contenu-carte-bleu mceEditable\">\n<p>Digitalize all your processes with our intuitive and user-friendly web\/mobile solutions<\/p>\n<\/div>\n<p><a class=\"bouton-cadre-blanc mceEditable\" href=\"https:\/\/www.grainbow.fr\/en\/solutions-web\/\">Our Web SOLUTIONS<\/a><\/p>\n<\/div>\n    <\/p>\n<\/div>\n","protected":false},"excerpt":{"rendered":"<p>Market Solutions TRACK COMMODITY MARKETS IN A SINGLE ENVIRONMENT Grainbow offers a range of solutions for tracking the evolution of [Lire la suite&#8230;]<\/p>\n","protected":false},"author":1,"featured_media":0,"parent":0,"menu_order":0,"comment_status":"closed","ping_status":"closed","template":"","meta":{"_acf_changed":false,"_seopress_robots_primary_cat":"","_seopress_titles_title":"","_seopress_titles_desc":"","_seopress_robots_index":"","inline_featured_image":false,"footnotes":""},"class_list":["post-1449","page","type-page","status-publish","hentry"],"acf":[],"_links":{"self":[{"href":"https:\/\/www.grainbow.fr\/en\/wp-json\/wp\/v2\/pages\/1449","targetHints":{"allow":["GET"]}}],"collection":[{"href":"https:\/\/www.grainbow.fr\/en\/wp-json\/wp\/v2\/pages"}],"about":[{"href":"https:\/\/www.grainbow.fr\/en\/wp-json\/wp\/v2\/types\/page"}],"author":[{"embeddable":true,"href":"https:\/\/www.grainbow.fr\/en\/wp-json\/wp\/v2\/users\/1"}],"replies":[{"embeddable":true,"href":"https:\/\/www.grainbow.fr\/en\/wp-json\/wp\/v2\/comments?post=1449"}],"version-history":[{"count":15,"href":"https:\/\/www.grainbow.fr\/en\/wp-json\/wp\/v2\/pages\/1449\/revisions"}],"predecessor-version":[{"id":3417,"href":"https:\/\/www.grainbow.fr\/en\/wp-json\/wp\/v2\/pages\/1449\/revisions\/3417"}],"wp:attachment":[{"href":"https:\/\/www.grainbow.fr\/en\/wp-json\/wp\/v2\/media?parent=1449"}],"curies":[{"name":"wp","href":"https:\/\/api.w.org\/{rel}","templated":true}]}}